{"id":4084,"date":"2019-04-25T01:10:46","date_gmt":"2019-04-24T23:10:46","guid":{"rendered":"https:\/\/stiavnica.urbangamer.sk\/?page_id=4084"},"modified":"2019-04-26T21:17:30","modified_gmt":"2019-04-26T19:17:30","slug":"franchise","status":"publish","type":"page","link":"https:\/\/urbangames.sk\/en\/franchise\/","title":{"rendered":"Franchise"},"content":{"rendered":"<p><div class=\"fusion-fullwidth fullwidth-box fusion-builder-row-1 nonhundred-percent-fullwidth non-hundred-percent-height-scrolling content content-right content-first\" style=\"--awb-border-radius-top-left:0px;--awb-border-radius-top-right:0px;--awb-border-radius-bottom-right:0px;--awb-border-radius-bottom-left:0px;--awb-flex-wrap:wrap;\" ><div class=\"fusion-builder-row fusion-row\"><div class=\"fusion-layout-column fusion_builder_column fusion-builder-column-0 fusion_builder_column_1_1 1_1 fusion-one-full fusion-column-first fusion-column-last dark-background\" style=\"--awb-bg-size:cover;\"><div class=\"fusion-column-wrapper fusion-flex-column-wrapper-legacy\"><div class=\"fusion-clearfix\"><\/div><\/div><\/div><div class=\"fusion-layout-column fusion_builder_column fusion-builder-column-1 fusion_builder_column_1_1 1_1 fusion-one-full fusion-column-first fusion-column-last content-box\" style=\"--awb-bg-image:url(&#039;https:\/\/brainteaselava.sk\/wp-content\/uploads\/2018\/12\/DSC09564-1024x683.jpg&#039;);--awb-bg-size:cover;\"><div class=\"fusion-column-wrapper fusion-flex-column-wrapper-legacy fusion-column-has-bg-image\" data-bg-url=\"https:\/\/brainteaselava.sk\/wp-content\/uploads\/2018\/12\/DSC09564-1024x683.jpg\"><div class=\"fusion-builder-row fusion-builder-row-inner fusion-row\"><div class=\"fusion-layout-column fusion_builder_column_inner fusion-builder-nested-column-0 fusion_builder_column_inner_1_6 1_6 fusion-one-sixth fusion-column-first\" style=\"--awb-bg-size:cover;width:13.3333%; margin-right: 4%;\"><div class=\"fusion-column-wrapper fusion-flex-column-wrapper-legacy\"><!-- na tejto stranke niesu linky, ale toto tu musi byt--><div class=\"fusion-clearfix\"><\/div><\/div><\/div><\/div><div class=\"fusion-builder-row fusion-builder-row-inner fusion-row\"><div class=\"fusion-layout-column fusion_builder_column_inner fusion-builder-nested-column-1 fusion_builder_column_inner_3_5 3_5 fusion-three-fifth fusion-column-first dark-background-content\" style=\"--awb-bg-color:rgba(10,10,10,0.75);--awb-bg-color-hover:rgba(10,10,10,0.75);--awb-bg-size:cover;width:60%;width:calc(60% - ( ( 4% ) * 0.6 ) );margin-right: 4%;\"><div class=\"fusion-column-wrapper fusion-flex-column-wrapper-legacy\"><div class=\"fusion-text fusion-text-1 title title-white\"><p>Franchise<\/p>\n<\/div><div class=\"fusion-text fusion-text-2 game-text\"><p>Wondering about opening your own escape room but dont know where to start?<\/p>\n<p>We can help you with everything important and save you plenty of months wasted by slow realizing and fixing of begginer mistakes that can cost you a lot of monet and your reputation that can be nearly imposible to gain back.<\/p>\n<\/div><button onclick=\"jQuery('html, body').animate({scrollTop: jQuery('#kontakt').offset().top -(window.innerHeight \/ 5)}, 2000);\" class=\"button-element button-red\">More info<i class=\"fas fa-angle-right\"><\/i><\/button>\n<div class=\"fusion-clearfix\"><\/div><\/div><\/div><div class=\"fusion-layout-column fusion_builder_column_inner fusion-builder-nested-column-2 fusion_builder_column_inner_2_5 2_5 fusion-two-fifth fusion-column-last\" style=\"--awb-bg-size:cover;width:40%;width:calc(40% - ( ( 4% ) * 0.4 ) );\"><div class=\"fusion-column-wrapper fusion-flex-column-wrapper-legacy\"><div class=\"fusion-clearfix\"><\/div><\/div><\/div><\/div><div class=\"fusion-clearfix\"><\/div><\/div><\/div><\/div><\/div><div class=\"fusion-fullwidth fullwidth-box fusion-builder-row-2 nonhundred-percent-fullwidth non-hundred-percent-height-scrolling content-bullets-text margin-top-30\" style=\"--awb-border-radius-top-left:0px;--awb-border-radius-top-right:0px;--awb-border-radius-bottom-right:0px;--awb-border-radius-bottom-left:0px;--awb-flex-wrap:wrap;\" ><div class=\"fusion-builder-row fusion-row\"><div class=\"fusion-layout-column fusion_builder_column fusion-builder-column-2 fusion_builder_column_1_1 1_1 fusion-one-full fusion-column-first fusion-column-last bullet-text-content\" style=\"--awb-bg-size:cover;\"><div class=\"fusion-column-wrapper fusion-flex-column-wrapper-legacy\"><div class=\"fusion-text fusion-text-3 title little-title-red\"><p>What we offer?<\/p>\n<\/div><div class=\"fusion-text fusion-text-4 bullet-text\"><ul>\n<li>Longtime experience with game design, our games have the best reviews from tens of tousand satisfied customers.<\/li>\n<li>Complete blueprints of our games together with all manuals and other materials<\/li>\n<li>We provide all thematic props that will guarant unforgetable game atmosphere<\/li>\n<li>Technological equipment needed for magic effects and robust system for its control<\/li>\n<li>Website identical with brainteaselava.sk with online booking system<\/li>\n<li>Training of main game master<\/li>\n<li>Know-how, best practises and assistance for game operation.<\/li>\n<li>Marketing workshop and marketing manual<\/li>\n<\/ul>\n<\/div><div class=\"fusion-clearfix\"><\/div><\/div><\/div><\/div><\/div><div class=\"fusion-fullwidth fullwidth-box fusion-builder-row-3 nonhundred-percent-fullwidth non-hundred-percent-height-scrolling content-toggle margin-top-30\" style=\"--awb-border-radius-top-left:0px;--awb-border-radius-top-right:0px;--awb-border-radius-bottom-right:0px;--awb-border-radius-bottom-left:0px;--awb-flex-wrap:wrap;\" ><div class=\"fusion-builder-row fusion-row\"><div class=\"fusion-layout-column fusion_builder_column fusion-builder-column-3 fusion_builder_column_1_1 1_1 fusion-one-full fusion-column-first fusion-column-last content-toggles\" style=\"--awb-bg-size:cover;\"><div class=\"fusion-column-wrapper fusion-flex-column-wrapper-legacy\"><div class=\"fusion-text fusion-text-5 red-title\"><p>Which game is ideal for you?<\/p>\n<\/div><div class=\"accordian fusion-accordian toggles\" style=\"--awb-border-size:1px;--awb-icon-size:13px;--awb-content-font-size:13px;--awb-icon-alignment:left;--awb-hover-color:#f9f9f9;--awb-border-color:#cccccc;--awb-background-color:#ffffff;--awb-divider-color:#e0dede;--awb-divider-hover-color:#e0dede;--awb-icon-color:#ffffff;--awb-title-color:#ffffff;--awb-content-color:#ffffff;--awb-icon-box-color:#333333;--awb-toggle-hover-accent-color:#ff4343;--awb-title-font-family:&quot;Spartan Bold&quot;;--awb-title-font-weight:400;--awb-title-font-style:normal;--awb-title-line-height:1.5;--awb-content-font-family:&quot;Spartan Regular&quot;;--awb-content-font-style:normal;--awb-content-font-weight:400;\"><div class=\"panel-group fusion-toggle-icon-unboxed\" id=\"accordion-4084-1\"><div class=\"fusion-panel panel-default panel-23de64a0452e4a17e fusion-toggle-no-divider\"><div class=\"panel-heading\"><h4 class=\"panel-title toggle\" id=\"toggle_23de64a0452e4a17e\"><a aria-expanded=\"false\" aria-controls=\"23de64a0452e4a17e\" role=\"button\" data-toggle=\"collapse\" data-parent=\"#accordion-4084-1\" data-target=\"#23de64a0452e4a17e\" href=\"#23de64a0452e4a17e\"><span class=\"fusion-toggle-icon-wrapper\" aria-hidden=\"true\"><i class=\"fa-fusion-box active-icon awb-icon-minus\" aria-hidden=\"true\"><\/i><i class=\"fa-fusion-box inactive-icon awb-icon-plus\" aria-hidden=\"true\"><\/i><\/span><span class=\"fusion-toggle-heading\">Escape Room<\/span><\/a><\/h4><\/div><div id=\"23de64a0452e4a17e\" class=\"panel-collapse collapse \" aria-labelledby=\"toggle_23de64a0452e4a17e\"><div class=\"panel-body toggle-content fusion-clearfix\">\n<ul>\n<li>Escape Room is famous concept so you do not need to explain your customers what is it<\/li>\n<li>Closed space and limited time helps intensity\u00a0 and atmosphere of the game, quests can be more complex and there for people will come back.<\/li>\n<li>Your premises can have low standards so costs are quite low.<\/li>\n<li>Our Escape Rooms have the best reviews in Slovakia so customer satisfaction is guaranted.<\/li>\n<\/ul>\n<\/div><\/div><\/div><div class=\"fusion-panel panel-default panel-7221788c8409d3271 fusion-toggle-no-divider\"><div class=\"panel-heading\"><h4 class=\"panel-title toggle\" id=\"toggle_7221788c8409d3271\"><a aria-expanded=\"false\" aria-controls=\"7221788c8409d3271\" role=\"button\" data-toggle=\"collapse\" data-parent=\"#accordion-4084-1\" data-target=\"#7221788c8409d3271\" href=\"#7221788c8409d3271\"><span class=\"fusion-toggle-icon-wrapper\" aria-hidden=\"true\"><i class=\"fa-fusion-box active-icon awb-icon-minus\" aria-hidden=\"true\"><\/i><i class=\"fa-fusion-box inactive-icon awb-icon-plus\" aria-hidden=\"true\"><\/i><\/span><span class=\"fusion-toggle-heading\">City Game<\/span><\/a><\/h4><\/div><div id=\"7221788c8409d3271\" class=\"panel-collapse collapse \" aria-labelledby=\"toggle_7221788c8409d3271\"><div class=\"panel-body toggle-content fusion-clearfix\">\n<ul>\n<li>Uniqueness &#8211; there is much less cities with City Games than those with escape room and most of them have quite monotonous quests and not interactive.funny quest connected with locations as ours.<\/li>\n<li>Minimal initial costs &#8211; great ROI.<\/li>\n<li>Minimal fixed costs &#8211; no problem with low season.<\/li>\n<li>Game is really easy for gamemaster so you can combine this role with receptionist in hostel\/other servise.<\/li>\n<li>Game is suitable for small groups and also for big teambuildings, events.<\/li>\n<li>All our City Games has great reviews so people will enjoy also yours.<\/li>\n<\/ul>\n<\/div><\/div><\/div><div class=\"fusion-panel panel-default panel-dbbd3010a4cc40381 fusion-toggle-no-divider\"><div class=\"panel-heading\"><h4 class=\"panel-title toggle\" id=\"toggle_dbbd3010a4cc40381\"><a aria-expanded=\"false\" aria-controls=\"dbbd3010a4cc40381\" role=\"button\" data-toggle=\"collapse\" data-parent=\"#accordion-4084-1\" data-target=\"#dbbd3010a4cc40381\" href=\"#dbbd3010a4cc40381\"><span class=\"fusion-toggle-icon-wrapper\" aria-hidden=\"true\"><i class=\"fa-fusion-box active-icon awb-icon-minus\" aria-hidden=\"true\"><\/i><i class=\"fa-fusion-box inactive-icon awb-icon-plus\" aria-hidden=\"true\"><\/i><\/span><span class=\"fusion-toggle-heading\">Mystery Dinner<\/span><\/a><\/h4><\/div><div id=\"dbbd3010a4cc40381\" class=\"panel-collapse collapse \" aria-labelledby=\"toggle_dbbd3010a4cc40381\"><div class=\"panel-body toggle-content fusion-clearfix\">\n<ul>\n<li>Low initial costs \u2013 great return of investment<\/li>\n<li>Zero fixed costs \u2013 no problem with low season<\/li>\n<li>Game is easily portable \u2013 you can offer it in any hotel\/other area on request<\/li>\n<li>Game is popular for combination with dinner \u2013 possible to make extra profit on food\/drinks<\/li>\n<li>Great reviews, game is original for the role-playing part<\/li>\n<\/ul>\n<\/div><\/div><\/div><\/div><\/div><div class=\"fusion-clearfix\"><\/div><\/div><\/div><\/div><\/div><div class=\"fusion-fullwidth fullwidth-box fusion-builder-row-4 nonhundred-percent-fullwidth non-hundred-percent-height-scrolling content-toggle margin-top-30\" style=\"--awb-border-radius-top-left:0px;--awb-border-radius-top-right:0px;--awb-border-radius-bottom-right:0px;--awb-border-radius-bottom-left:0px;--awb-flex-wrap:wrap;\" ><div class=\"fusion-builder-row fusion-row\"><div class=\"fusion-layout-column fusion_builder_column fusion-builder-column-4 fusion_builder_column_1_1 1_1 fusion-one-full fusion-column-first fusion-column-last content-toggles\" style=\"--awb-bg-size:cover;\"><div class=\"fusion-column-wrapper fusion-flex-column-wrapper-legacy\"><div class=\"fusion-text fusion-text-6 red-title\"><p>Our branches<\/p>\n<\/div><div class=\"accordian fusion-accordian toggles\" style=\"--awb-border-size:1px;--awb-icon-size:13px;--awb-content-font-size:13px;--awb-icon-alignment:left;--awb-hover-color:#f9f9f9;--awb-border-color:#cccccc;--awb-background-color:#ffffff;--awb-divider-color:#e0dede;--awb-divider-hover-color:#e0dede;--awb-icon-color:#ffffff;--awb-title-color:#ffffff;--awb-content-color:#ffffff;--awb-icon-box-color:#333333;--awb-toggle-hover-accent-color:#ff4343;--awb-title-font-family:&quot;Spartan Bold&quot;;--awb-title-font-weight:400;--awb-title-font-style:normal;--awb-title-line-height:1.5;--awb-content-font-family:&quot;Spartan Regular&quot;;--awb-content-font-style:normal;--awb-content-font-weight:400;\"><div class=\"panel-group fusion-toggle-icon-unboxed\" id=\"accordion-4084-2\"><div class=\"fusion-panel panel-default panel-62eb006f09108b71e fusion-toggle-no-divider\"><div class=\"panel-heading\"><h4 class=\"panel-title toggle\" id=\"toggle_62eb006f09108b71e\"><a aria-expanded=\"false\" aria-controls=\"62eb006f09108b71e\" role=\"button\" data-toggle=\"collapse\" data-parent=\"#accordion-4084-2\" data-target=\"#62eb006f09108b71e\" href=\"#62eb006f09108b71e\"><span class=\"fusion-toggle-icon-wrapper\" aria-hidden=\"true\"><i class=\"fa-fusion-box active-icon awb-icon-minus\" aria-hidden=\"true\"><\/i><i class=\"fa-fusion-box inactive-icon awb-icon-plus\" aria-hidden=\"true\"><\/i><\/span><span class=\"fusion-toggle-heading\">Bratislava<\/span><\/a><\/h4><\/div><div id=\"62eb006f09108b71e\" class=\"panel-collapse collapse \" aria-labelledby=\"toggle_62eb006f09108b71e\"><div class=\"panel-body toggle-content fusion-clearfix\">\n<ul>\n<li>Escape Room Treasure of J\u00e1no\u0161\u00edk (2x)<\/li>\n<li>Escape Room In the clutches of Secret Police<\/li>\n<li>Braintesaelava City Game<\/li>\n<li>Mystery Dinner Murder at Ba\u0165a&#8217;s<\/li>\n<li>3 new games soon<\/li>\n<\/ul>\n<\/div><\/div><\/div><div class=\"fusion-panel panel-default panel-f03482135478ffcf6 fusion-toggle-no-divider\"><div class=\"panel-heading\"><h4 class=\"panel-title toggle\" id=\"toggle_f03482135478ffcf6\"><a aria-expanded=\"false\" aria-controls=\"f03482135478ffcf6\" role=\"button\" data-toggle=\"collapse\" data-parent=\"#accordion-4084-2\" data-target=\"#f03482135478ffcf6\" href=\"#f03482135478ffcf6\"><span class=\"fusion-toggle-icon-wrapper\" aria-hidden=\"true\"><i class=\"fa-fusion-box active-icon awb-icon-minus\" aria-hidden=\"true\"><\/i><i class=\"fa-fusion-box inactive-icon awb-icon-plus\" aria-hidden=\"true\"><\/i><\/span><span class=\"fusion-toggle-heading\">Bansk\u00e1 \u0160tiavnica<\/span><\/a><\/h4><\/div><div id=\"f03482135478ffcf6\" class=\"panel-collapse collapse \" aria-labelledby=\"toggle_f03482135478ffcf6\"><div class=\"panel-body toggle-content fusion-clearfix\">\n<ul>\n<li>City Game Treasure of \u0160tiavnica<\/li>\n<li>Escape Room In the clutches of Secret Police (soon)<\/li>\n<li>Mystery Dinner Murder at Ba\u0165a&#8217;s (soon)<\/li>\n<li>Escape Room Golden mine (soon)<\/li>\n<\/ul>\n<\/div><\/div><\/div><div class=\"fusion-panel panel-default panel-a349659cbb8526af5 fusion-toggle-no-divider\"><div class=\"panel-heading\"><h4 class=\"panel-title toggle\" id=\"toggle_a349659cbb8526af5\"><a aria-expanded=\"false\" aria-controls=\"a349659cbb8526af5\" role=\"button\" data-toggle=\"collapse\" data-parent=\"#accordion-4084-2\" data-target=\"#a349659cbb8526af5\" href=\"#a349659cbb8526af5\"><span class=\"fusion-toggle-icon-wrapper\" aria-hidden=\"true\"><i class=\"fa-fusion-box active-icon awb-icon-minus\" aria-hidden=\"true\"><\/i><i class=\"fa-fusion-box inactive-icon awb-icon-plus\" aria-hidden=\"true\"><\/i><\/span><span class=\"fusion-toggle-heading\">Prague<\/span><\/a><\/h4><\/div><div id=\"a349659cbb8526af5\" class=\"panel-collapse collapse \" aria-labelledby=\"toggle_a349659cbb8526af5\"><div class=\"panel-body toggle-content fusion-clearfix\">\n<ul>\n<li>Mystery Dinner Murder at Ba\u0165a&#8217;s (soon)<\/li>\n<li>City Game Treasures of old Prague (planned)<\/li>\n<\/ul>\n<\/div><\/div><\/div><div class=\"fusion-panel panel-default panel-93b1c5a6f0fb07e43 fusion-toggle-no-divider\"><div class=\"panel-heading\"><h4 class=\"panel-title toggle\" id=\"toggle_93b1c5a6f0fb07e43\"><a aria-expanded=\"false\" aria-controls=\"93b1c5a6f0fb07e43\" role=\"button\" data-toggle=\"collapse\" data-parent=\"#accordion-4084-2\" data-target=\"#93b1c5a6f0fb07e43\" href=\"#93b1c5a6f0fb07e43\"><span class=\"fusion-toggle-icon-wrapper\" aria-hidden=\"true\"><i class=\"fa-fusion-box active-icon awb-icon-minus\" aria-hidden=\"true\"><\/i><i class=\"fa-fusion-box inactive-icon awb-icon-plus\" aria-hidden=\"true\"><\/i><\/span><span class=\"fusion-toggle-heading\">Ko\u0161ice<\/span><\/a><\/h4><\/div><div id=\"93b1c5a6f0fb07e43\" class=\"panel-collapse collapse \" aria-labelledby=\"toggle_93b1c5a6f0fb07e43\"><div class=\"panel-body toggle-content fusion-clearfix\">\n<ul>\n<li>Looking for partner &#8211; City Game and Mystery Dinner<\/li>\n<\/ul>\n<\/div><\/div><\/div><div class=\"fusion-panel panel-default panel-08922f2e3e270d784 fusion-toggle-no-divider\"><div class=\"panel-heading\"><h4 class=\"panel-title toggle\" id=\"toggle_08922f2e3e270d784\"><a aria-expanded=\"false\" aria-controls=\"08922f2e3e270d784\" role=\"button\" data-toggle=\"collapse\" data-parent=\"#accordion-4084-2\" data-target=\"#08922f2e3e270d784\" href=\"#08922f2e3e270d784\"><span class=\"fusion-toggle-icon-wrapper\" aria-hidden=\"true\"><i class=\"fa-fusion-box active-icon awb-icon-minus\" aria-hidden=\"true\"><\/i><i class=\"fa-fusion-box inactive-icon awb-icon-plus\" aria-hidden=\"true\"><\/i><\/span><span class=\"fusion-toggle-heading\">\u017dilina<\/span><\/a><\/h4><\/div><div id=\"08922f2e3e270d784\" class=\"panel-collapse collapse \" aria-labelledby=\"toggle_08922f2e3e270d784\"><div class=\"panel-body toggle-content fusion-clearfix\">\n<ul>\n<li>Looking for partner &#8211; City Game and Mystery Dinner<\/li>\n<\/ul>\n<\/div><\/div><\/div><\/div><\/div><div class=\"fusion-clearfix\"><\/div><\/div><\/div><\/div><\/div><div class=\"fusion-fullwidth fullwidth-box fusion-builder-row-5 nonhundred-percent-fullwidth non-hundred-percent-height-scrolling content content-right content-border-bottom content-bottom\" style=\"--awb-border-radius-top-left:0px;--awb-border-radius-top-right:0px;--awb-border-radius-bottom-right:0px;--awb-border-radius-bottom-left:0px;--awb-flex-wrap:wrap;\" id=\"write-us-form\" ><div class=\"fusion-builder-row fusion-row\"><div class=\"fusion-layout-column fusion_builder_column fusion-builder-column-5 fusion_builder_column_1_1 1_1 fusion-one-full fusion-column-first fusion-column-last dark-background\" style=\"--awb-bg-size:cover;\"><div class=\"fusion-column-wrapper fusion-flex-column-wrapper-legacy\"><div class=\"fusion-clearfix\"><\/div><\/div><\/div><div class=\"fusion-layout-column fusion_builder_column fusion-builder-column-6 fusion_builder_column_1_1 1_1 fusion-one-full fusion-column-first fusion-column-last content-box\" style=\"--awb-bg-image:url(&#039;https:\/\/urbangames.sk\/wp-content\/uploads\/sites\/5\/2019\/04\/camera-eyeglasses-eyewear-163185-1024x768-1024x768.jpg&#039;);--awb-bg-size:cover;\" id=\"kontakt-form\"><div class=\"fusion-column-wrapper fusion-flex-column-wrapper-legacy fusion-column-has-bg-image\" data-bg-url=\"https:\/\/urbangames.sk\/wp-content\/uploads\/sites\/5\/2019\/04\/camera-eyeglasses-eyewear-163185-1024x768-1024x768.jpg\"><div class=\"fusion-builder-row fusion-builder-row-inner fusion-row\"><div class=\"fusion-layout-column fusion_builder_column_inner fusion-builder-nested-column-3 fusion_builder_column_inner_3_5 3_5 fusion-three-fifth fusion-column-first dark-background-content\" style=\"--awb-bg-color:rgba(10,10,10,0.75);--awb-bg-color-hover:rgba(10,10,10,0.75);--awb-bg-size:cover;width:60%;width:calc(60% - ( ( 4% ) * 0.6 ) );margin-right: 4%;\"><div class=\"fusion-column-wrapper fusion-flex-column-wrapper-legacy\"><div class=\"fusion-text fusion-text-7 title title-white\"><p>Contact us<\/p>\n<\/div><div class=\"fusion-text fusion-text-8\"><p>Do you want to book game for more teams at once or do you have questions or any special requirements?<\/p>\n<\/div>[caldera_form id=\"CF5cc0dc7807d04\"]<div class=\"fusion-clearfix\"><\/div><\/div><\/div><div class=\"fusion-layout-column fusion_builder_column_inner fusion-builder-nested-column-4 fusion_builder_column_inner_2_5 2_5 fusion-two-fifth fusion-column-last\" style=\"--awb-bg-size:cover;width:40%;width:calc(40% - ( ( 4% ) * 0.4 ) );\"><div class=\"fusion-column-wrapper fusion-flex-column-wrapper-legacy\"><div class=\"fusion-clearfix\"><\/div><\/div><\/div><\/div><div class=\"fusion-clearfix\"><\/div><\/div><\/div><\/div><\/div><\/p>\n","protected":false},"excerpt":{"rendered":"","protected":false},"author":2,"featured_media":0,"parent":0,"menu_order":0,"comment_status":"closed","ping_status":"closed","template":"","meta":{"footnotes":""},"class_list":["post-4084","page","type-page","status-publish","hentry"],"aioseo_notices":[],"_links":{"self":[{"href":"https:\/\/urbangames.sk\/en\/wp-json\/wp\/v2\/pages\/4084","targetHints":{"allow":["GET"]}}],"collection":[{"href":"https:\/\/urbangames.sk\/en\/wp-json\/wp\/v2\/pages"}],"about":[{"href":"https:\/\/urbangames.sk\/en\/wp-json\/wp\/v2\/types\/page"}],"author":[{"embeddable":true,"href":"https:\/\/urbangames.sk\/en\/wp-json\/wp\/v2\/users\/2"}],"replies":[{"embeddable":true,"href":"https:\/\/urbangames.sk\/en\/wp-json\/wp\/v2\/comments?post=4084"}],"version-history":[{"count":0,"href":"https:\/\/urbangames.sk\/en\/wp-json\/wp\/v2\/pages\/4084\/revisions"}],"wp:attachment":[{"href":"https:\/\/urbangames.sk\/en\/wp-json\/wp\/v2\/media?parent=4084"}],"curies":[{"name":"wp","href":"https:\/\/api.w.org\/{rel}","templated":true}]}}