{"id":4081,"date":"2019-04-25T00:41:11","date_gmt":"2019-04-24T22:41:11","guid":{"rendered":"https:\/\/stiavnica.urbangamer.sk\/?page_id=4081"},"modified":"2019-04-25T00:41:12","modified_gmt":"2019-04-24T22:41:12","slug":"gift-card","status":"publish","type":"page","link":"https:\/\/urbangames.sk\/en\/gift-card\/","title":{"rendered":"Gift Card"},"content":{"rendered":"<p><div class=\"fusion-fullwidth fullwidth-box fusion-builder-row-1 nonhundred-percent-fullwidth non-hundred-percent-height-scrolling order-form-main\" style=\"--awb-border-radius-top-left:0px;--awb-border-radius-top-right:0px;--awb-border-radius-bottom-right:0px;--awb-border-radius-bottom-left:0px;--awb-flex-wrap:wrap;\" id=\"scroll-id\" ><div class=\"fusion-builder-row fusion-row\"><div class=\"fusion-layout-column fusion_builder_column fusion-builder-column-0 fusion_builder_column_1_1 1_1 fusion-one-full fusion-column-first fusion-column-last\" style=\"--awb-bg-size:cover;\"><div class=\"fusion-column-wrapper fusion-flex-column-wrapper-legacy\"><div class=\"fusion-text fusion-text-1 title title-dark\"><p>Gift Card<\/p>\n<\/div><div class=\"fusion-clearfix\"><\/div><\/div><\/div><div class=\"fusion-layout-column fusion_builder_column fusion-builder-column-1 fusion_builder_column_2_3 2_3 fusion-two-third fusion-column-first dark-gray-text\" style=\"--awb-bg-size:cover;width:65.3333%; margin-right: 4%;\"><div class=\"fusion-column-wrapper fusion-flex-column-wrapper-legacy\"><div class=\"fusion-text fusion-text-2 space-text\"><p>Give your loved ones an unforgettable experience in the form of a gift cardfor a <a href=\"https:\/\/brainteaselava.sk\/en\/city-game\/\">City Game<\/a> or a gift card for a <a href=\"https:\/\/brainteaselava.sk\/en\/mystery-dinner\/\">Mystery Dinner<\/a>. Gift card is valid for more than a year so they will have enough time to use it. You can get e-gift card in pdf in 5 minutes. If you prefer paper one, you can get it in our office or we will send it in 3 days.<\/p>\n<\/div><div class=\"fusion-clearfix\"><\/div><\/div><\/div><div class=\"fusion-layout-column fusion_builder_column fusion-builder-column-2 fusion_builder_column_1_1 1_1 fusion-one-full fusion-column-last order-form-content\" style=\"--awb-bg-size:cover;\" id=\"vyber-poukazku\"><div class=\"fusion-column-wrapper fusion-flex-column-wrapper-legacy\"><form class=\"order-form\" action=\"https:\/\/payments.brainteaselava.sk\/voucher\" method=\"post\">\n    <div class=\"top\">\n        <p class=\"order-title\">Choose gift card type<\/p>\n\n        <div class=\"voucher-type\">\n            <div class=\"voucher-info not-selected\" onclick=\"selectThis(1)\">\n                <div class=\"left\">\n                    <p class=\"game-name\">City Game\/ Escape Room<\/p>\n                    <p class=\"persons-count\">2 - 5 people<\/p>\n                <\/div>\n                <div class=\"white-line\"><\/div>\n                <div class=\"right\">\n                    <p class=\"price\">59\u20ac<\/p>\n                <\/div>\n            <\/div>\n            <div class=\"voucher-info not-selected\" onclick=\"selectThis(3)\">\n                <div class=\"left\">\n                    <p class=\"game-name\">City Game\/ Escape Room<\/p>\n                    <p class=\"persons-count\">2 people<\/p>\n                <\/div>\n                <div class=\"white-line\"><\/div>\n                <div class=\"right\">\n                    <p class=\"price\">47\u20ac<\/p>\n                <\/div>\n            <\/div>\n            <div class=\"voucher-info not-selected\" onclick=\"selectThis(4)\">\n                <div class=\"left\">\n                    <p class=\"game-name\">Mystery Dinner<\/p>\n                    <p class=\"persons-count\">7 - 10 people<\/p>\n                <\/div>\n                <div class=\"white-line\"><\/div>\n                <div class=\"right\">\n                    <p class=\"price\">140\u20ac<\/p>\n                <\/div>\n            <\/div>\n            <div class=\"voucher-info not-selected\" onclick=\"selectThis(5)\">\n                <div class=\"left\">\n                    <p class=\"game-name\">Mystery Dinner<\/p>\n                    <p class=\"persons-count\">7 - 12 people<\/p>\n                <\/div>\n                <div class=\"white-line\"><\/div>\n                <div class=\"right\">\n                    <p class=\"price\">168\u20ac<\/p>\n                <\/div>\n            <\/div>\n\n        <\/div>\n\n        <div class=\"voucher-type-text\">\n            <p id=\"textField\"><\/p>\n        <\/div>\n    <\/div>\n    <div class=\"bottom\">\n        <p class=\"order-title\">Fill the form<\/p>\n\t\t<div class=\"line\">\n          <select id=\"selected-game\" value=\"1\" onchange=\"selectThis(this)\">\n            <option value=\"1\">CITY GAME \/ ESCAPE ROOM 1<\/option>\n            <option value=\"3\">CITY GAME \/ ESCAPE ROOM 2<\/option>\n            <option value=\"4\">Mystery Dinner 1<\/option>\n            <option value=\"5\">Mystery Dinner 2<\/option>\n          <\/select>\n\t\t  <div class=\"voucher-text-mobile\">\n\t\t\t<p id=\"mobile-text-field\"><\/p>\n\t\t  <\/div>\n\t\t<\/div>\n        <div class=\"line\">\n            <input class=\"brainteaslava-input\" type=\"text\" id=\"full_name\" name=\"full_name\" placeholder=\"Name\" required>\n            <input class=\"brainteaslava-input\" type=\"text\" id=\"telephone\" name=\"telephone\" placeholder=\"Phone number\" required>\n        <\/div>\n        <div class=\"line\">\n            <input class=\"brainteaslava-input\" type=\"email\" id=\"email\" name=\"email\" placeholder=\"Email\" required>\n            <input class=\"brainteaslava-input\" type=\"text\" id=\"address\" name=\"address\" placeholder=\"Address\" minlength=\"10\" required>\n\n        <\/div>\n        <textarea name=\"note\" id=\"note\" placeholder=\"Note\"><\/textarea>\n        <input type=\"hidden\" name=\"type\" id=\"type\">\n\n        <select class=\"brainteaslava-input\" id=\"language\" name=\"language\" style=\"margin-left: 10px;margin-top: 10px;width: 97%;color: #757575;background: #e0e0e0;border: none;padding: 6px;box-sizing: content-box;\">\n            <option value=\"sk\">Slovensk\u00fd<\/option>\n            <option value=\"en\">English<\/option>\n        <\/select>\n\n        <div class=\"checkboxes\" style=\"color: #000;margin-left: 10px;margin-right: 10px;margin-top: 15px;\">\n            <label class=\"checkbox\" style=\"display: block;\"><input type=\"checkbox\" name=\"postal_delivery\" id=\"postal_delivery\">Paper version<\/label>\n            <label class=\"checkbox\" style=\"display: block;\"><input type=\"checkbox\" name=\"buy_as_company\" id=\"buy_as_company\" onchange=\"document.getElementById('buy_as_company_div').style.display = this.checked ? 'block' : 'none';\">Buy as a company<\/label>\n        <\/div>\n\n        <div id=\"buy_as_company_div\" style=\"display: none;\">\n            <div class=\"line\">\n                <input class=\"brainteaslava-input\" type=\"text\" id=\"company\" name=\"company\" placeholder=\"Name of company\">\n                <input class=\"brainteaslava-input\" type=\"text\" id=\"business_id\" name=\"business_id\" placeholder=\"ID\">\n            <\/div>\n            <div class=\"line\">\n                <input class=\"brainteaslava-input\" type=\"text\" id=\"tax_id\" name=\"tax_id\" placeholder=\"Tax ID\">\n                <input class=\"brainteaslava-input\" type=\"text\" id=\"vat_number\" name=\"vat_number\" placeholder=\"VAT Number\">\n            <\/div>\n        <\/div>\n\n        <div class=\"bottom-line\">\n            <div class=\"checkboxes\">\n                <label class=\"checkbox\"><input type=\"checkbox\" name=\"checkbox\" value=\"value\" required>I agree with Rules<\/label>\n                <label class=\"checkbox\"><input type=\"checkbox\" name=\"checkbox\" value=\"value\" required>I agree with Privacy rules<\/label>\n            <\/div>\n            <button id=\"order-form-submit-button\" class=\"button button-red\" type=\"submit\" disabled>Order<i class=\"fas fa-angle-right\"><\/i><\/button>\n        <\/div>\n    <\/div>\n\n    <script>\n        function selectThis(id) {\n\t\t    jQuery('html, body').animate({scrollTop: 280}, 500);\n\t\t\tif(isNaN(id)) {\n\t\t\t\tid = Number(jQuery('#selected-game option:selected').val())\n\t\t\t}\n            console.log(id);\n            var text = \"\";\n            var textField = document.getElementById('textField');\n            var textField2 = document.getElementById('mobile-text-field');\n            var gameTypeField = document.getElementById('type');\n\n            jQuery('#selected-game').val(id);\n\n            document.querySelector('#order-form-submit-button').removeAttribute('disabled');\n\n            switch(id) {\n                case 1:\n                    text = \"Gift Card is valid for Escape Room Treasure of J\u00e1no\u0161\u00edk, Escape Room In the clutches of secret police or Brainteaselava City Game for game of 2-5 players\";\n                    gameTypeField.value = 'cger_25';\n                    break;\n                case 3:\n                    text = \"Gift Card is valid for Escape Room Treasure of J\u00e1no\u0161\u00edk, Escape Room In the clutches of secret police or Brainteaselava City Game for game of 2 players\";\n                    gameTypeField.value = 'cger_2';\n                    break;\n                case 4:\n                    text = \"Gift Card is valid for Mystery Dinner Murder at Ba\u0165a's for game of 7-10 players. Food or drinks are not included.\";\n                    gameTypeField.value = 'md_710';\n                    break;\n                case 5:\n                    text = \"Gift Card is valid for Mystery Dinner Murder at Ba\u0165a's for game of 7-12 players. Food or drinks are not included.\";\n                    gameTypeField.value = 'md_712';\n                    break;\n                default:\n                    text = \"k tejto hre nieje text\";\n                    gameTypeField.value = '';\n            }\n\n\n            if ('textContent' in textField) {\n                textField.textContent = text;\n            } else {\n                textField.innerText = text;\n            }\n\n\n            if ('textContent' in textField2) {\n                textField2.textContent = text;\n            } else {\n                textField2.innerText = text;\n            }\n        }\n\n        jQuery(document).ready(function(){\n            jQuery('.voucher-info').click( function(){\n                if ( jQuery(\".voucher-info\").hasClass('selected') ) {\n                    jQuery(\".voucher-info\").not(this).removeClass('selected');\n                    jQuery(\".voucher-info\").not(this).addClass('not-selected');\n                }\n\n                if ( jQuery(this).hasClass('not-selected')) {\n                    jQuery(this).removeClass('not-selected');\n                    jQuery(this).addClass('selected');\n                }\n            });\n        });\n\n    <\/script>\n<\/form>\n<div class=\"fusion-clearfix\"><\/div><\/div><\/div><\/div><\/div><div class=\"fusion-fullwidth fullwidth-box fusion-builder-row-2 nonhundred-percent-fullwidth non-hundred-percent-height-scrolling content content-right content-border-bottom content-bottom\" style=\"--awb-border-radius-top-left:0px;--awb-border-radius-top-right:0px;--awb-border-radius-bottom-right:0px;--awb-border-radius-bottom-left:0px;--awb-flex-wrap:wrap;\" id=\"contact-form\" ><div class=\"fusion-builder-row fusion-row\"><div class=\"fusion-layout-column fusion_builder_column fusion-builder-column-3 fusion_builder_column_1_1 1_1 fusion-one-full fusion-column-first fusion-column-last dark-background\" style=\"--awb-bg-size:cover;\"><div class=\"fusion-column-wrapper fusion-flex-column-wrapper-legacy\"><div class=\"fusion-clearfix\"><\/div><\/div><\/div><div class=\"fusion-layout-column fusion_builder_column fusion-builder-column-4 fusion_builder_column_1_1 1_1 fusion-one-full fusion-column-first fusion-column-last content-box\" style=\"--awb-bg-image:url(&#039;https:\/\/stiavnica.urbangamer.sk\/wp-content\/uploads\/sites\/5\/2019\/04\/camera-eyeglasses-eyewear-163185-1024x768.jpg&#039;);--awb-bg-size:cover;\" id=\"kontakt-form\"><div class=\"fusion-column-wrapper fusion-flex-column-wrapper-legacy fusion-column-has-bg-image\" data-bg-url=\"https:\/\/stiavnica.urbangamer.sk\/wp-content\/uploads\/sites\/5\/2019\/04\/camera-eyeglasses-eyewear-163185-1024x768.jpg\"><div class=\"fusion-builder-row fusion-builder-row-inner fusion-row\"><div class=\"fusion-layout-column fusion_builder_column_inner fusion-builder-nested-column-0 fusion_builder_column_inner_3_5 3_5 fusion-three-fifth fusion-column-first dark-background-content\" style=\"--awb-bg-color:rgba(10,10,10,0.75);--awb-bg-color-hover:rgba(10,10,10,0.75);--awb-bg-size:cover;width:60%;width:calc(60% - ( ( 4% ) * 0.6 ) );margin-right: 4%;\"><div class=\"fusion-column-wrapper fusion-flex-column-wrapper-legacy\"><div class=\"fusion-text fusion-text-3 title title-white\"><p>Contact us<\/p>\n<\/div><div class=\"fusion-text fusion-text-4\"><p>Do you want to book game for more teams at once or do you have questions or any special requirements?<\/p>\n<\/div>[caldera_form id=\"CF5cc0d79f59285\"]<div class=\"fusion-clearfix\"><\/div><\/div><\/div><div class=\"fusion-layout-column fusion_builder_column_inner fusion-builder-nested-column-1 fusion_builder_column_inner_2_5 2_5 fusion-two-fifth fusion-column-last\" style=\"--awb-bg-size:cover;width:40%;width:calc(40% - ( ( 4% ) * 0.4 ) );\"><div class=\"fusion-column-wrapper fusion-flex-column-wrapper-legacy\"><div class=\"fusion-clearfix\"><\/div><\/div><\/div><\/div><div class=\"fusion-clearfix\"><\/div><\/div><\/div><\/div><\/div>\n<\/p>\n","protected":false},"excerpt":{"rendered":"","protected":false},"author":2,"featured_media":0,"parent":0,"menu_order":0,"comment_status":"closed","ping_status":"closed","template":"","meta":{"footnotes":""},"class_list":["post-4081","page","type-page","status-publish","hentry"],"aioseo_notices":[],"_links":{"self":[{"href":"https:\/\/urbangames.sk\/en\/wp-json\/wp\/v2\/pages\/4081","targetHints":{"allow":["GET"]}}],"collection":[{"href":"https:\/\/urbangames.sk\/en\/wp-json\/wp\/v2\/pages"}],"about":[{"href":"https:\/\/urbangames.sk\/en\/wp-json\/wp\/v2\/types\/page"}],"author":[{"embeddable":true,"href":"https:\/\/urbangames.sk\/en\/wp-json\/wp\/v2\/users\/2"}],"replies":[{"embeddable":true,"href":"https:\/\/urbangames.sk\/en\/wp-json\/wp\/v2\/comments?post=4081"}],"version-history":[{"count":0,"href":"https:\/\/urbangames.sk\/en\/wp-json\/wp\/v2\/pages\/4081\/revisions"}],"wp:attachment":[{"href":"https:\/\/urbangames.sk\/en\/wp-json\/wp\/v2\/media?parent=4081"}],"curies":[{"name":"wp","href":"https:\/\/api.w.org\/{rel}","templated":true}]}}