{"id":4075,"date":"2019-04-24T23:36:56","date_gmt":"2019-04-24T21:36:56","guid":{"rendered":"https:\/\/stiavnica.urbangamer.sk\/?page_id=4075"},"modified":"2019-11-15T14:09:23","modified_gmt":"2019-11-15T12:09:23","slug":"contact","status":"publish","type":"page","link":"https:\/\/urbangames.sk\/en\/contact\/","title":{"rendered":"Contact"},"content":{"rendered":"<p><div class=\"fusion-fullwidth fullwidth-box fusion-builder-row-1 nonhundred-percent-fullwidth non-hundred-percent-height-scrolling contact-text\" style=\"--awb-border-radius-top-left:0px;--awb-border-radius-top-right:0px;--awb-border-radius-bottom-right:0px;--awb-border-radius-bottom-left:0px;--awb-flex-wrap:wrap;\" id=\"scroll-id\" ><div class=\"fusion-builder-row fusion-row\"><div class=\"fusion-layout-column fusion_builder_column fusion-builder-column-0 fusion_builder_column_1_1 1_1 fusion-one-full fusion-column-first fusion-column-last\" style=\"--awb-bg-size:cover;\"><div class=\"fusion-column-wrapper fusion-flex-column-wrapper-legacy\"><div class=\"fusion-text fusion-text-1 title title-dark\"><p>Contact<\/p>\n<\/div><div class=\"fusion-clearfix\"><\/div><\/div><\/div><div class=\"fusion-layout-column fusion_builder_column fusion-builder-column-1 fusion_builder_column_2_3 2_3 fusion-two-third fusion-column-first dark-gray-text\" style=\"--awb-bg-size:cover;width:66.6666666667%;width:calc(66.6666666667% - ( ( 4% ) * 0.666666666667 ) );margin-right: 4%;\"><div class=\"fusion-column-wrapper fusion-flex-column-wrapper-legacy\"><div class=\"fusion-text fusion-text-2\"><p><strong>Email:<\/strong> stiavnica@urbangames.sk<\/p>\n<\/div><div class=\"fusion-text fusion-text-3\"><p><strong>Phone number:<\/strong> +421 948 119 246<\/p>\n<\/div><div class=\"fusion-text fusion-text-4\"><p><strong>Opening hours:<\/strong> According to reservations<\/p>\n<\/div><div class=\"fusion-text fusion-text-5\"><p><strong>Address City Game:<\/strong> Hotel Grand Matej &#8211; reception, Kammerhofsk\u00e1 5, 969 01 Bansk\u00e1 \u0160tiavnica<\/p>\n<p><strong>Address Mystery Dinner:<\/strong> flexible<\/p>\n<\/div><div class=\"fusion-text fusion-text-6\"><p><strong>GPS:<\/strong> N 48.4581, E 18.8968<\/p>\n<\/div><div class=\"fusion-text fusion-text-7 space-text\"><p>You need to book your time!<\/p>\n<\/div><button onclick=\"jQuery('html, body').animate({scrollTop: jQuery('#contact-form').offset().top -(window.innerHeight \/ 5)}, 2000);\" class=\"button-element button-red\">Contact form<i class=\"fas fa-angle-right\"><\/i><\/button>\n<div class=\"fusion-clearfix\"><\/div><\/div><\/div><div class=\"fusion-layout-column fusion_builder_column fusion-builder-column-2 fusion_builder_column_1_3 1_3 fusion-one-third fusion-column-last dark-gray-text\" style=\"--awb-bg-size:cover;width:33.3333333333%;width:calc(33.3333333333% - ( ( 4% ) * 0.333333333333 ) );\"><div class=\"fusion-column-wrapper fusion-flex-column-wrapper-legacy\"><div class=\"fusion-text fusion-text-8\"><p><strong>Operator:<\/strong><\/p>\n<\/div><div class=\"fusion-text fusion-text-9\"><p>4:Ride s.r.o.<\/p>\n<\/div><div class=\"fusion-text fusion-text-10\"><p>Kammerhofsk\u00e1 5 969 01 Bansk\u00e1 \u0160tiavnica<\/p>\n<\/div><div class=\"fusion-text fusion-text-11\"><p>I\u010cO: 46885226<\/p>\n<\/div><div class=\"fusion-text fusion-text-12\"><p>DI\u010c: 2023635559<\/p>\n<\/div><div class=\"fusion-text fusion-text-13\"><p>Not a VAT payer<\/p>\n<\/div><div class=\"fusion-clearfix\"><\/div><\/div><\/div><\/div><\/div><div class=\"fusion-fullwidth fullwidth-box fusion-builder-row-2 nonhundred-percent-fullwidth non-hundred-percent-height-scrolling content-toggle\" style=\"--awb-border-radius-top-left:0px;--awb-border-radius-top-right:0px;--awb-border-radius-bottom-right:0px;--awb-border-radius-bottom-left:0px;--awb-flex-wrap:wrap;\" ><div class=\"fusion-builder-row fusion-row\"><div class=\"fusion-layout-column fusion_builder_column fusion-builder-column-3 fusion_builder_column_1_2 1_2 fusion-one-half fusion-column-first content-toggles\" style=\"--awb-bg-size:cover;width:50%;width:calc(50% - ( ( 4% ) * 0.5 ) );margin-right: 4%;\"><div class=\"fusion-column-wrapper fusion-flex-column-wrapper-legacy\"><div class=\"fusion-text fusion-text-14 red-title\"><p>How can you find us?<\/p>\n<\/div><div class=\"accordian fusion-accordian toggles\" style=\"--awb-border-size:1px;--awb-icon-size:13px;--awb-content-font-size:13px;--awb-icon-alignment:left;--awb-hover-color:#f9f9f9;--awb-border-color:#cccccc;--awb-background-color:#ffffff;--awb-divider-color:#e0dede;--awb-divider-hover-color:#e0dede;--awb-icon-color:#ffffff;--awb-title-color:#ffffff;--awb-content-color:#ffffff;--awb-icon-box-color:#333333;--awb-toggle-hover-accent-color:#ff4343;--awb-title-font-family:&quot;Spartan Bold&quot;;--awb-title-font-weight:400;--awb-title-font-style:normal;--awb-title-line-height:1.5;--awb-content-font-family:&quot;Spartan Regular&quot;;--awb-content-font-style:normal;--awb-content-font-weight:400;\"><div class=\"panel-group fusion-toggle-icon-unboxed\" id=\"accordion-4075-1\"><div class=\"fusion-panel panel-default panel-91d2020ed45ff86b5 fusion-toggle-no-divider\"><div class=\"panel-heading\"><h4 class=\"panel-title toggle\" id=\"toggle_91d2020ed45ff86b5\"><a class=\"active\" aria-expanded=\"true\" aria-controls=\"91d2020ed45ff86b5\" role=\"button\" data-toggle=\"collapse\" data-parent=\"#accordion-4075-1\" data-target=\"#91d2020ed45ff86b5\" href=\"#91d2020ed45ff86b5\"><span class=\"fusion-toggle-icon-wrapper\" aria-hidden=\"true\"><i class=\"fa-fusion-box active-icon awb-icon-minus\" aria-hidden=\"true\"><\/i><i class=\"fa-fusion-box inactive-icon awb-icon-plus\" aria-hidden=\"true\"><\/i><\/span><span class=\"fusion-toggle-heading\">By bus<\/span><\/a><\/h4><\/div><div id=\"91d2020ed45ff86b5\" class=\"panel-collapse collapse in\" aria-labelledby=\"toggle_91d2020ed45ff86b5\"><div class=\"panel-body toggle-content fusion-clearfix\">\n<p>Start of the game is just 250 metres below bus stop Bansk\u00e1 \u0160tiavnica,, Ms\u00da . You can find your bus connection at <a href=\"http:\/\/cp.sk\">cp.sk<\/a>.<\/p>\n<\/div><\/div><\/div><div class=\"fusion-panel panel-default panel-8237edd8388d9c0d1 fusion-toggle-no-divider\"><div class=\"panel-heading\"><h4 class=\"panel-title toggle\" id=\"toggle_8237edd8388d9c0d1\"><a aria-expanded=\"false\" aria-controls=\"8237edd8388d9c0d1\" role=\"button\" data-toggle=\"collapse\" data-parent=\"#accordion-4075-1\" data-target=\"#8237edd8388d9c0d1\" href=\"#8237edd8388d9c0d1\"><span class=\"fusion-toggle-icon-wrapper\" aria-hidden=\"true\"><i class=\"fa-fusion-box active-icon awb-icon-minus\" aria-hidden=\"true\"><\/i><i class=\"fa-fusion-box inactive-icon awb-icon-plus\" aria-hidden=\"true\"><\/i><\/span><span class=\"fusion-toggle-heading\">By car<\/span><\/a><\/h4><\/div><div id=\"8237edd8388d9c0d1\" class=\"panel-collapse collapse \" aria-labelledby=\"toggle_8237edd8388d9c0d1\"><div class=\"panel-body toggle-content fusion-clearfix\">\n<p>Parking in Bansk\u00e1 \u0160tiavnica is paid via parking cards. Close to the starting place is parking at Akademick\u00e1 street for 1 euro\/hour.<\/p>\n<\/div><\/div><\/div><\/div><\/div><div class=\"fusion-clearfix\"><\/div><\/div><\/div><div class=\"fusion-layout-column fusion_builder_column fusion-builder-column-4 fusion_builder_column_1_2 1_2 fusion-one-half fusion-column-last\" style=\"--awb-bg-size:cover;width:50%;width:calc(50% - ( ( 4% ) * 0.5 ) );\"><div class=\"fusion-column-wrapper fusion-flex-column-wrapper-legacy\"><div class=\"fusion-image-element in-legacy-container\" style=\"--awb-caption-title-font-family:var(--h2_typography-font-family);--awb-caption-title-font-weight:var(--h2_typography-font-weight);--awb-caption-title-font-style:var(--h2_typography-font-style);--awb-caption-title-size:var(--h2_typography-font-size);--awb-caption-title-transform:var(--h2_typography-text-transform);--awb-caption-title-line-height:var(--h2_typography-line-height);--awb-caption-title-letter-spacing:var(--h2_typography-letter-spacing);\"><span class=\" fusion-imageframe imageframe-none imageframe-1 hover-type-none\"><img decoding=\"async\" width=\"550\" height=\"376\" title=\"hotel-grand-matej-restaurant\" src=\"https:\/\/urbangames.sk\/wp-content\/uploads\/sites\/5\/2019\/04\/hotel-grand-matej-restaurant.jpg\" alt class=\"img-responsive wp-image-4078\" srcset=\"https:\/\/urbangames.sk\/wp-content\/uploads\/sites\/5\/2019\/04\/hotel-grand-matej-restaurant-200x137.jpg 200w, https:\/\/urbangames.sk\/wp-content\/uploads\/sites\/5\/2019\/04\/hotel-grand-matej-restaurant-400x273.jpg 400w, https:\/\/urbangames.sk\/wp-content\/uploads\/sites\/5\/2019\/04\/hotel-grand-matej-restaurant.jpg 550w\" sizes=\"(max-width: 767px) 100vw, 550px\" \/><\/span><\/div><div class=\"fusion-clearfix\"><\/div><\/div><\/div><\/div><\/div><div class=\"fusion-fullwidth fullwidth-box fusion-builder-row-3 nonhundred-percent-fullwidth non-hundred-percent-height-scrolling content content-right content-border-bottom content-bottom\" style=\"--awb-border-radius-top-left:0px;--awb-border-radius-top-right:0px;--awb-border-radius-bottom-right:0px;--awb-border-radius-bottom-left:0px;--awb-flex-wrap:wrap;\" id=\"contact-form\" ><div class=\"fusion-builder-row fusion-row\"><div class=\"fusion-layout-column fusion_builder_column fusion-builder-column-5 fusion_builder_column_1_1 1_1 fusion-one-full fusion-column-first fusion-column-last dark-background\" style=\"--awb-bg-size:cover;\"><div class=\"fusion-column-wrapper fusion-flex-column-wrapper-legacy\"><div class=\"fusion-clearfix\"><\/div><\/div><\/div><div class=\"fusion-layout-column fusion_builder_column fusion-builder-column-6 fusion_builder_column_1_1 1_1 fusion-one-full fusion-column-first fusion-column-last content-box\" style=\"--awb-bg-image:url(&#039;https:\/\/stiavnica.urbangamer.sk\/wp-content\/uploads\/sites\/5\/2019\/04\/camera-eyeglasses-eyewear-163185-1024x768.jpg&#039;);--awb-bg-size:cover;\" id=\"kontakt-form\"><div class=\"fusion-column-wrapper fusion-flex-column-wrapper-legacy fusion-column-has-bg-image\" data-bg-url=\"https:\/\/stiavnica.urbangamer.sk\/wp-content\/uploads\/sites\/5\/2019\/04\/camera-eyeglasses-eyewear-163185-1024x768.jpg\"><div class=\"fusion-builder-row fusion-builder-row-inner fusion-row\"><div class=\"fusion-layout-column fusion_builder_column_inner fusion-builder-nested-column-0 fusion_builder_column_inner_3_5 3_5 fusion-three-fifth fusion-column-first dark-background-content\" style=\"--awb-bg-color:rgba(10,10,10,0.75);--awb-bg-color-hover:rgba(10,10,10,0.75);--awb-bg-size:cover;width:60%;width:calc(60% - ( ( 4% ) * 0.6 ) );margin-right: 4%;\"><div class=\"fusion-column-wrapper fusion-flex-column-wrapper-legacy\"><div class=\"fusion-text fusion-text-15 title title-white\"><p>Contact us<\/p>\n<\/div><div class=\"fusion-text fusion-text-16\"><p>Do you want to book game for more teams at once or do you have questions or any special requirements?<\/p>\n<\/div>[caldera_form id=\"CF5cc0d79f59285\"]<div class=\"fusion-clearfix\"><\/div><\/div><\/div><div class=\"fusion-layout-column fusion_builder_column_inner fusion-builder-nested-column-1 fusion_builder_column_inner_2_5 2_5 fusion-two-fifth fusion-column-last\" style=\"--awb-bg-size:cover;width:40%;width:calc(40% - ( ( 4% ) * 0.4 ) );\"><div class=\"fusion-column-wrapper fusion-flex-column-wrapper-legacy\"><div class=\"fusion-clearfix\"><\/div><\/div><\/div><\/div><div class=\"fusion-clearfix\"><\/div><\/div><\/div><\/div><\/div>\n<\/p>\n","protected":false},"excerpt":{"rendered":"","protected":false},"author":2,"featured_media":0,"parent":0,"menu_order":0,"comment_status":"closed","ping_status":"closed","template":"","meta":{"footnotes":""},"class_list":["post-4075","page","type-page","status-publish","hentry"],"aioseo_notices":[],"_links":{"self":[{"href":"https:\/\/urbangames.sk\/en\/wp-json\/wp\/v2\/pages\/4075","targetHints":{"allow":["GET"]}}],"collection":[{"href":"https:\/\/urbangames.sk\/en\/wp-json\/wp\/v2\/pages"}],"about":[{"href":"https:\/\/urbangames.sk\/en\/wp-json\/wp\/v2\/types\/page"}],"author":[{"embeddable":true,"href":"https:\/\/urbangames.sk\/en\/wp-json\/wp\/v2\/users\/2"}],"replies":[{"embeddable":true,"href":"https:\/\/urbangames.sk\/en\/wp-json\/wp\/v2\/comments?post=4075"}],"version-history":[{"count":4,"href":"https:\/\/urbangames.sk\/en\/wp-json\/wp\/v2\/pages\/4075\/revisions"}],"predecessor-version":[{"id":4328,"href":"https:\/\/urbangames.sk\/en\/wp-json\/wp\/v2\/pages\/4075\/revisions\/4328"}],"wp:attachment":[{"href":"https:\/\/urbangames.sk\/en\/wp-json\/wp\/v2\/media?parent=4075"}],"curies":[{"name":"wp","href":"https:\/\/api.w.org\/{rel}","templated":true}]}}