{"id":4056,"date":"2019-04-23T21:53:48","date_gmt":"2019-04-23T19:53:48","guid":{"rendered":"https:\/\/stiavnica.urbangamer.sk\/?page_id=4056"},"modified":"2026-03-24T11:34:57","modified_gmt":"2026-03-24T09:34:57","slug":"domov","status":"publish","type":"page","link":"https:\/\/urbangames.sk\/en\/","title":{"rendered":"Domov"},"content":{"rendered":"<p><div class=\"fusion-fullwidth fullwidth-box fusion-builder-row-1 nonhundred-percent-fullwidth non-hundred-percent-height-scrolling absolute-scroll-arrow\" style=\"--awb-border-radius-top-left:0px;--awb-border-radius-top-right:0px;--awb-border-radius-bottom-right:0px;--awb-border-radius-bottom-left:0px;--awb-flex-wrap:wrap;\" ><div class=\"fusion-builder-row fusion-row\"><div class=\"fusion-layout-column fusion_builder_column fusion-builder-column-0 fusion_builder_column_1_1 1_1 fusion-one-full fusion-column-first fusion-column-last\" style=\"--awb-bg-size:cover;\"><div class=\"fusion-column-wrapper fusion-flex-column-wrapper-legacy\"><p class=\"absolute-scroll-down-arrow\"><i class=\"fas asda fa-arrow-circle-down\"><\/i><\/p>\n<script>\njQuery(document).on('click', '.asda', function(event){\n\n    jQuery('html, body').animate({ scrollTop: window.scrollY + jQuery(window).height()*0.9-50 }, 200);\n  \n});\n\nwindow.onscroll = function(ev) {\n    if ((window.innerHeight + window.scrollY + 500) >= document.body.scrollHeight) {\n      jQuery('.absolute-scroll-down-arrow').css('display', 'none');\n    }\n};\n\n<\/script>\n<div class=\"fusion-clearfix\"><\/div><\/div><\/div><\/div><\/div><div class=\"fusion-fullwidth fullwidth-box fusion-builder-row-2 nonhundred-percent-fullwidth non-hundred-percent-height-scrolling content content-right content-first hp-top\" style=\"--awb-border-radius-top-left:0px;--awb-border-radius-top-right:0px;--awb-border-radius-bottom-right:0px;--awb-border-radius-bottom-left:0px;--awb-flex-wrap:wrap;\" ><div class=\"fusion-builder-row fusion-row\"><div class=\"fusion-layout-column fusion_builder_column fusion-builder-column-1 fusion_builder_column_1_1 1_1 fusion-one-full fusion-column-first fusion-column-last dark-background\" style=\"--awb-bg-size:cover;\"><div class=\"fusion-column-wrapper fusion-flex-column-wrapper-legacy\"><div class=\"fusion-clearfix\"><\/div><\/div><\/div><div class=\"fusion-layout-column fusion_builder_column fusion-builder-column-2 fusion_builder_column_1_1 1_1 fusion-one-full fusion-column-first fusion-column-last content-box\" style=\"--awb-bg-image:url(&#039;https:\/\/brainteaselava.sk\/wp-content\/uploads\/2018\/12\/DSC09558-1024x683.jpg&#039;);--awb-bg-size:cover;\"><div class=\"fusion-column-wrapper fusion-flex-column-wrapper-legacy fusion-column-has-bg-image\" data-bg-url=\"https:\/\/brainteaselava.sk\/wp-content\/uploads\/2018\/12\/DSC09558-1024x683.jpg\"><div class=\"switcher-main\">\n    <div class=\"switcher-tab first leaved\" style=\"background-image: url('https:\/\/urbangames.sk\/wp-content\/uploads\/sites\/5\/2019\/04\/033.jpg')\">\n        <div class=\"tab-content\">\n                <div class=\"left-arrow\" onclick=\"switcherButtons('first', 'prev' )\">\n                    <span><i class=\"fas fa-angle-left\"><\/i><\/span>\n                <\/div>\n                <div class=\"center-content\">\n                    <div class=\"header\">\n                        <p class=\"title\"><a class=\"leaved-hidden\">city\u00a0game<\/a><a class=\"hovered-shown\" href=\"\/en\/city-game\">city\u00a0game<\/a><\/p>\n                        <p class=\"game-type\"><a class=\"leaved-hidden\">Treasure of Bansk\u00e1 \u0160tiavnica<\/a><a class=\"hovered-shown\" href=\"\/en\/city-game\">Treasure of Bansk\u00e1 \u0160tiavnica<\/a><\/p>\n                    <\/div>\n\n                    <div class=\"text\">\n                        <p>Discover Bansk\u00e1 \u0160tiavnica in amusing and unconvetional way! Can you reveal all the secrets and find the Treasure of Bansk\u00e1 \u0160tiavnica?<\/p>\n                        <p>City Game full of original tasks for teams of 2-5 people, facts and myths and great views of Bansk\u00e1 \u0160tiavnica.<\/p>\n                    <\/div>\n\n                    <div class=\"buttons\">\n                        \n\t\t\t\t\t\t<button onclick=\"jQuery('html, body').animate({scrollTop: jQuery('#calendar').offset().top -(window.innerHeight \/ 6)} , 2000);\" class=\"button-element button-red\">Book now<i class=\"fas fa-angle-right\"><\/i><\/button>\n                        <button onclick=\"location.href='\/en\/city-game';\" class=\"button button-transparent\">More info<i class=\"fas fa-angle-right\"><\/i><\/button>\n                    <\/div>\n                <\/div>\n                <div class=\"right-arrow\" onclick=\"switcherButtons('first', 'next' )\">\n                    <span><i class=\"fas fa-angle-right\"><\/i><\/span>\n                <\/div>\n            <\/div>\n    <\/div>\n    <div class=\"switcher-tab second leaved\" style=\"background-image: url('https:\/\/brainteaselava.sk\/wp-content\/uploads\/2019\/02\/31351500_2044306545838127_694997177934369264_n-3.jpg');\">\n        <div class=\"tab-content\">\n                <div class=\"left-arrow\" onclick=\"switcherButtons('second', 'prev' )\">\n                    <span><i class=\"fas fa-angle-left\"><\/i><\/span>\n                <\/div>\n                <div class=\"center-content\">\n                    <div class=\"header\">\n                        <p class=\"title\"><a class=\"leaved-hidden\">mystery\u00a0dinner<\/a><a class=\"hovered-shown\" href=\"\/en\/mystery-dinner\">mystery\u00a0dinner<\/a><\/p>\n                        <p class=\"game-type\"><a class=\"leaved-hidden\">Murder at Ba\u0165a's<\/a><a class=\"hovered-shown\" href=\"\/en\/mystery-dinner\">Murder at Ba\u0165a's<\/a><\/p>\n                    <\/div>\n\n                    <div class=\"text\">\n                        <p>Become a detective and taste an atmosphere of the first Czechoslovak Republic. Will you reveal the killer and avoid your own suspicion?<\/p>\n                        <p>An exciting detective game for 7-12 players in a comfort of a great restaurant.<\/p>\n                    <\/div>\n\n                    <div class=\"buttons\">\n                        <button onclick=\"jQuery('html, body').animate({scrollTop: jQuery('#calendar').offset().top -(window.innerHeight \/ 6)} , 2000);\" class=\"button-element button-red\">Book now<i class=\"fas fa-angle-right\"><\/i><\/button>\n                        <button onclick=\"location.href='\/en\/mystery-dinner';\" class=\"button button-transparent\">More info<i class=\"fas fa-angle-right\"><\/i><\/button>\n                    <\/div>\n                <\/div>\n                <div class=\"right-arrow\" onclick=\"switcherButtons('second', 'next' )\">\n                    <span><i class=\"fas fa-angle-right\"><\/i><\/span>\n                <\/div>\n            <\/div>    \n        \n    <\/div>\n    <div class=\"switcher-tab third leaved\" style=\"background-image: url('https:\/\/urbangames.sk\/wp-content\/uploads\/sites\/5\/2026\/03\/1_IAH_3pjPjH1XFCDp3pJU6w.jpg');\">\n            <div class=\"tab-content\">\n            <div class=\"left-arrow\" onclick=\"switcherButtons('third', 'prev' )\">\n                <span><i class=\"fas fa-angle-left\"><\/i><\/span>\n            <\/div>\n            <div class=\"center-content\">\n                <div class=\"header\">\n                    <p class=\"title\"><a class=\"leaved-hidden\">escape\u00a0room<\/a><a class=\"hovered-shown\" href=\"\/en\/escape-room\">escape\u00a0room<\/a><\/p>\n                    <p class=\"game-type\"><a class=\"leaved-hidden\">Golden mine<\/a><a class=\"hovered-shown\" href=\"\/en\/escape-room\">Golden mine<\/a><\/p>\n                <\/div>\n\n                <div class=\"text\">\n                    <p>Coming soon<\/p>\n\t\t\t\t\t<p><\/p>\n                <\/div>\n\t\t\t\t<div class=\"buttons\">\n                        \n                    <\/div>\n\n                \n            <\/div>\n            <div class=\"right-arrow\" onclick=\"switcherButtons('third', 'next' )\">\n                <span><i class=\"fas fa-angle-right\"><\/i><\/span>\n            <\/div>\n        <\/div>\n        \n    <\/div>\n    <div class=\"switcher-tab fourth leaved\" style=\"background-image: url('https:\/\/brainteaselava.sk\/wp-content\/uploads\/2019\/02\/DSC09558-1024x683-1.jpg');\">\n            <div class=\"tab-content\">\n                <div class=\"left-arrow\" onclick=\"switcherButtons('fourth', 'prev' )\">\n                    <span><i class=\"fas fa-angle-left\"><\/i><\/span>\n                <\/div>\n                <div class=\"center-content\">\n                    <div class=\"header\">\n                        <p class=\"title\"><a class=\"leaved-hidden\">teambuilding<\/a><a class=\"hovered-shown\" href=\"https:\/\/brainteaselava.sk\/teambuilding-na-mieru\">teambuilding<\/a><\/p>\n                        <p class=\"game-type\"><a class=\"leaved-hidden\">Extra<\/a><a class=\"hovered-shown\" href=\"https:\/\/brainteaselava.sk\/teambuilding-na-mieru\">Extra<\/a><\/p>\n                    <\/div>\n\n                    <div class=\"text\">\n                        <p>Do you want a team building to have fun, improve relationships or communication in your company or organization?<\/p>\n                        <p>Besides standard games offered on daily basis we offer also plenty of other activities with capacity up to 500 people that we adjust according to your needs.<\/p>\n                    <\/div>\n\n                    <div class=\"buttons\">\n                        <button onclick=\"location.href='https:\/\/brainteaselava.sk\/en\/customized-teambuilding-activities\/';\" class=\"button button-red\">More info<i class=\"fas fa-angle-right\"><\/i><\/button>\n                        <button onclick=\"location.href='https:\/\/brainteaselava.sk\/en\/customized-teambuilding-activities\/';\" class=\"button button-transparent\">Enquire now<i class=\"fas fa-angle-right\"><\/i><\/button>\n                    <\/div>\n                <\/div>\n                <div class=\"right-arrow\" onclick=\"switcherButtons('fourth', 'next' )\">\n                    <span><i class=\"fas fa-angle-right\"><\/i><\/span>\n                <\/div>\n            <\/div>\n        \n    <\/div>\n<\/div>\n\n<script>\n        jQuery(document).ready(function(){\n            jQuery('.switcher-tab').hover( function(){\n                if ( jQuery(\".switcher-tab\").hasClass('hovered') ) {\n\t\t\t\t\tif (jQuery(window).width() > 768) {\n\t\t\t\t\t\tjQuery(\".switcher-tab\").not(this).removeClass('hovered');\n                    \tjQuery(\".switcher-tab\").not(this).addClass('leaved');\n\t\t\t\t\t}\n                }\n\n                if ( jQuery(this).hasClass('leaved')) {\n\t\t\t\t\tjQuery(this).removeClass('leaved');\n                    jQuery(this).addClass('hovered');\n                }\n            });\n        });\n\n        jQuery('.left-arrow').click(function(){\n            jQuery('.switcher-tab').unbind(\"mouseenter mouseleave\");\n        });\n\n        jQuery('.right-arrow').click(function(){\n            jQuery('.switcher-tab').unbind(\"mouseenter mouseleave\");\n        });\n\n\n\n        function switcherButtons(current, direction) {\n            if (direction == \"next\") {\n                if (current == \"first\") {\n                    jQuery('.first').removeClass('hovered');\n                    jQuery('.first').addClass('leaved');\n                    jQuery('.second').removeClass('leaved');\n                    jQuery('.second').addClass('hovered');\n\n                } else  if (current == \"second\") {\n                    jQuery('.second').removeClass('hovered');\n                    jQuery('.second').addClass('leaved');\n                    jQuery('.third').removeClass('leaved');\n                    jQuery('.third').addClass('hovered');\n\n                    \n                } else  if (current == \"third\") {\n                    jQuery('.third').removeClass('hovered');\n                    jQuery('.third').addClass('leaved');\n                    jQuery('.fourth').removeClass('leaved');\n                    jQuery('.fourth').addClass('hovered');\n\n\n                } else  if (current == \"fourth\") {\n                    jQuery('.fourth').removeClass('hovered');\n                    jQuery('.fourth').addClass('leaved');\n                    jQuery('.first').removeClass('leaved');\n                    jQuery('.first').addClass('hovered');\n\n                }\n\n\n\n            } else if (direction == \"prev\") {\n                if (current == \"first\") {\n                    jQuery('.first').removeClass('hovered');\n                    jQuery('.first').addClass('leaved');\n                    jQuery('.fourth').removeClass('leaved');\n                    jQuery('.fourth').addClass('hovered');\n\n                } else  if (current == \"second\") {\n                    jQuery('.second').removeClass('hovered');\n                    jQuery('.second').addClass('leaved');\n                    jQuery('.first').removeClass('leaved');\n                    jQuery('.first').addClass('hovered');\n\n                    \n                } else  if (current == \"third\") {\n                    jQuery('.third').removeClass('hovered');\n                    jQuery('.third').addClass('leaved');\n                    jQuery('.second').removeClass('leaved');\n                    jQuery('.second').addClass('hovered');\n\n\n                } else  if (current == \"fourth\") {\n                    jQuery('.fourth').removeClass('hovered');\n                    jQuery('.fourth').addClass('leaved');\n                    jQuery('.third').removeClass('leaved');\n                    jQuery('.third').addClass('hovered');\n\n\n                }\n\n            }\n        }\n<\/script>\n<div class=\"fusion-clearfix\"><\/div><\/div><\/div><\/div><\/div>\n<div class=\"fusion-fullwidth fullwidth-box fusion-builder-row-3 nonhundred-percent-fullwidth non-hundred-percent-height-scrolling content-review\" style=\"--awb-border-radius-top-left:0px;--awb-border-radius-top-right:0px;--awb-border-radius-bottom-right:0px;--awb-border-radius-bottom-left:0px;--awb-flex-wrap:wrap;\" ><div class=\"fusion-builder-row fusion-row\"><div class=\"fusion-layout-column fusion_builder_column fusion-builder-column-3 fusion_builder_column_3_4 3_4 fusion-three-fourth fusion-column-first\" style=\"--awb-bg-size:cover;width:75%;width:calc(75% - ( ( 4% ) * 0.75 ) );margin-right: 4%;\"><div class=\"fusion-column-wrapper fusion-flex-column-wrapper-legacy\"><div class=\"fusion-text fusion-text-1 title title-dark\"><p>Customer Reviews<\/p>\n<\/div><div class=\"fusion-clearfix\"><\/div><\/div><\/div><div class=\"fusion-layout-column fusion_builder_column fusion-builder-column-4 fusion_builder_column_1_4 1_4 fusion-one-fourth fusion-column-last\" style=\"--awb-bg-size:cover;width:25%;width:calc(25% - ( ( 4% ) * 0.25 ) );\"><div class=\"fusion-column-wrapper fusion-flex-column-wrapper-legacy\"><a class=\"fusion-modal-text-link\" data-toggle=\"modal\" data-target=\".fusion-modal.#\" href=\"#\"><a class=\"arrow-link\" href=\"https:\/\/www.tripadvisor.sk\/Attraction_Review-g612451-d14183522-Reviews-City_Game_Banska_Stiavnica-Banska_Stiavnica_Banska_Bystrica_Region.html\" target=\"_blank\" rel=\"noopener noreferrer\">all reviews<i class=\"fas fa-chevron-right\"><\/i><\/a><\/a><div class=\"fusion-clearfix\"><\/div><\/div><\/div><div class=\"fusion-layout-column fusion_builder_column fusion-builder-column-5 fusion_builder_column_2_3 2_3 fusion-two-third fusion-column-first fusion-no-small-visibility\" style=\"--awb-bg-size:cover;width:66.6666666667%;width:calc(66.6666666667% - ( ( 4% ) * 0.666666666667 ) );margin-right: 4%;\"><div class=\"fusion-column-wrapper fusion-flex-column-wrapper-legacy\">[wprevpro_usetemplate tid=\"3\"] <div class=\"fusion-clearfix\"><\/div><\/div><\/div><div class=\"fusion-layout-column fusion_builder_column fusion-builder-column-6 fusion_builder_column_1_3 1_3 fusion-one-third fusion-column-last\" style=\"--awb-bg-size:cover;width:33.3333333333%;width:calc(33.3333333333% - ( ( 4% ) * 0.333333333333 ) );\"><div class=\"fusion-column-wrapper fusion-flex-column-wrapper-legacy\">[wprevpro_usebadge tid=\"1\"]<div class=\"fusion-clearfix\"><\/div><\/div><\/div><div class=\"fusion-layout-column fusion_builder_column fusion-builder-column-7 fusion_builder_column_1_1 1_1 fusion-one-full fusion-column-first fusion-column-last fusion-no-medium-visibility fusion-no-large-visibility\" style=\"--awb-bg-size:cover;\"><div class=\"fusion-column-wrapper fusion-flex-column-wrapper-legacy\">[wprevpro_usetemplate tid=\"4\"] <div class=\"fusion-clearfix\"><\/div><\/div><\/div><\/div><\/div><div class=\"fusion-fullwidth fullwidth-box fusion-builder-row-4 nonhundred-percent-fullwidth non-hundred-percent-height-scrolling content-toggle margin-top-30\" style=\"--awb-border-radius-top-left:0px;--awb-border-radius-top-right:0px;--awb-border-radius-bottom-right:0px;--awb-border-radius-bottom-left:0px;--awb-flex-wrap:wrap;\" ><div class=\"fusion-builder-row fusion-row\"><div class=\"fusion-layout-column fusion_builder_column fusion-builder-column-8 fusion_builder_column_1_1 1_1 fusion-one-full fusion-column-first fusion-column-last content-toggles\" style=\"--awb-bg-size:cover;\"><div class=\"fusion-column-wrapper fusion-flex-column-wrapper-legacy\"><div class=\"fusion-text fusion-text-2 red-title\"><p>Money Back Guarantee<\/p>\n<\/div><div class=\"fusion-text fusion-text-3 gray-text\"><p>Havent you try such a game be for and are afraid if you will like it? If you do not like the game we will give you your money back.<\/p>\n<\/div><div class=\"accordian fusion-accordian toggles\" style=\"--awb-border-size:1px;--awb-icon-size:13px;--awb-content-font-size:13px;--awb-icon-alignment:left;--awb-hover-color:#f9f9f9;--awb-border-color:#cccccc;--awb-background-color:#ffffff;--awb-divider-color:#e0dede;--awb-divider-hover-color:#e0dede;--awb-icon-color:#ffffff;--awb-title-color:#ffffff;--awb-content-color:#ffffff;--awb-icon-box-color:#333333;--awb-toggle-hover-accent-color:#ff4343;--awb-title-font-family:&quot;Spartan Bold&quot;;--awb-title-font-weight:400;--awb-title-font-style:normal;--awb-title-line-height:1.5;--awb-content-font-family:&quot;Spartan Regular&quot;;--awb-content-font-style:normal;--awb-content-font-weight:400;\"><div class=\"panel-group fusion-toggle-icon-unboxed\" id=\"accordion-4056-1\"><div class=\"fusion-panel panel-default panel-d25dc84862336355d fusion-toggle-no-divider\"><div class=\"panel-heading\"><h4 class=\"panel-title toggle\" id=\"toggle_d25dc84862336355d\"><a aria-expanded=\"false\" aria-controls=\"d25dc84862336355d\" role=\"button\" data-toggle=\"collapse\" data-parent=\"#accordion-4056-1\" data-target=\"#d25dc84862336355d\" href=\"#d25dc84862336355d\"><span class=\"fusion-toggle-icon-wrapper\" aria-hidden=\"true\"><i class=\"fa-fusion-box active-icon awb-icon-minus\" aria-hidden=\"true\"><\/i><i class=\"fa-fusion-box inactive-icon awb-icon-plus\" aria-hidden=\"true\"><\/i><\/span><span class=\"fusion-toggle-heading\">More info<\/span><\/a><\/h4><\/div><div id=\"d25dc84862336355d\" class=\"panel-collapse collapse \" aria-labelledby=\"toggle_d25dc84862336355d\"><div class=\"panel-body toggle-content fusion-clearfix\">\n<p>Our goal is to people reasonable fun and offer the best experience for our customers. Therefore we worked hard on each of our games and adjusted them by the time to optimize the game experience.<\/p>\n<p>However, if you are not sure if Escape Room or City Game or Mystery Dinner will be your cup of tea, don\u2019t worry. If you don\u2019t like our game, we will give you your money back.<\/p>\n<p>So don\u2019t wait any more and come to try one of our games. You have nothing to lose<\/p>\n<\/div><\/div><\/div><\/div><\/div><div class=\"fusion-clearfix\"><\/div><\/div><\/div><\/div><\/div><div class=\"fusion-fullwidth fullwidth-box fusion-builder-row-5 nonhundred-percent-fullwidth non-hundred-percent-height-scrolling content-calendar\" style=\"--awb-border-radius-top-left:0px;--awb-border-radius-top-right:0px;--awb-border-radius-bottom-right:0px;--awb-border-radius-bottom-left:0px;--awb-flex-wrap:wrap;\" id=\"calendar\" ><div class=\"fusion-builder-row fusion-row\"><div class=\"fusion-layout-column fusion_builder_column fusion-builder-column-9 fusion_builder_column_1_1 1_1 fusion-one-full fusion-column-first fusion-column-last dark-background\" style=\"--awb-bg-size:cover;\"><div class=\"fusion-column-wrapper fusion-flex-column-wrapper-legacy\"><div class=\"fusion-clearfix\"><\/div><\/div><\/div><div class=\"fusion-layout-column fusion_builder_column fusion-builder-column-10 fusion_builder_column_1_1 1_1 fusion-one-full fusion-column-first fusion-column-last calendar-box\" style=\"--awb-bg-size:cover;\" id=\"calendar\"><div class=\"fusion-column-wrapper fusion-flex-column-wrapper-legacy\"><div class=\"fusion-column-content-centered\"><div class=\"fusion-column-content\"><div class=\"fusion-text fusion-text-4 title title-white\"><p>Booking<\/p>\n<\/div><div class=\"fusion-text fusion-text-5\"><p>[tb-calendar notimezone=&#8221;yes&#8221; booking=&#8221;stiavnickypoklad, vrazdaubatu&#8221;]<\/p>\n<\/div><\/div><\/div><div class=\"fusion-clearfix\"><\/div><\/div><\/div><\/div><\/div><div class=\"fusion-fullwidth fullwidth-box fusion-builder-row-6 nonhundred-percent-fullwidth non-hundred-percent-height-scrolling content content-right content-border-bottom content-bottom\" style=\"--awb-border-radius-top-left:0px;--awb-border-radius-top-right:0px;--awb-border-radius-bottom-right:0px;--awb-border-radius-bottom-left:0px;--awb-flex-wrap:wrap;\" id=\"gift-card\" ><div class=\"fusion-builder-row fusion-row\"><div class=\"fusion-layout-column fusion_builder_column fusion-builder-column-11 fusion_builder_column_1_1 1_1 fusion-one-full fusion-column-first fusion-column-last\" style=\"--awb-bg-size:cover;\"><div class=\"fusion-column-wrapper fusion-flex-column-wrapper-legacy\"><div class=\"fusion-clearfix\"><\/div><\/div><\/div><div class=\"fusion-layout-column fusion_builder_column fusion-builder-column-12 fusion_builder_column_1_1 1_1 fusion-one-full fusion-column-first fusion-column-last content-box\" style=\"--awb-bg-image:url(&#039;https:\/\/stiavnica.urbangamer.sk\/wp-content\/uploads\/sites\/5\/2019\/04\/dar\u010dekovka_CG_BS_pozadie-1024x726.png&#039;);--awb-bg-size:cover;\"><div class=\"fusion-column-wrapper fusion-flex-column-wrapper-legacy fusion-column-has-bg-image\" data-bg-url=\"https:\/\/stiavnica.urbangamer.sk\/wp-content\/uploads\/sites\/5\/2019\/04\/dar\u010dekovka_CG_BS_pozadie-1024x726.png\"><div class=\"fusion-builder-row fusion-builder-row-inner fusion-row\"><div class=\"fusion-layout-column fusion_builder_column_inner fusion-builder-nested-column-0 fusion_builder_column_inner_3_5 3_5 fusion-three-fifth fusion-column-first dark-background-content\" style=\"--awb-bg-size:cover;width:60%;width:calc(60% - ( ( 4% ) * 0.6 ) );margin-right: 4%;\"><div class=\"fusion-column-wrapper fusion-flex-column-wrapper-legacy\"><div class=\"fusion-text fusion-text-6 title title-white\"><p>Gift Card<\/p>\n<\/div><div class=\"fusion-text fusion-text-7\"><div class=\"fusion-text\">\n<p>Be original and give your loved ones an amazing adventure in a form of a Gift Card for City Game or Mystery Dinner. Gift cards are valid for more than a year so you definitely will find a proper date to play.<\/p>\n<\/div>\n<\/div><button onclick=\"location.href='\/en\/gift-card';\" class=\"button-element button-red\">More info<i class=\"fas fa-angle-right\"><\/i><\/button>\n<button onclick=\"location.href='\/en\/gift-card';\" class=\"button-element button-transparent\">Buy now<i class=\"fas fa-angle-right\"><\/i><\/button><div class=\"fusion-clearfix\"><\/div><\/div><\/div><div class=\"fusion-layout-column fusion_builder_column_inner fusion-builder-nested-column-1 fusion_builder_column_inner_2_5 2_5 fusion-two-fifth fusion-column-last\" style=\"--awb-bg-size:cover;width:40%;width:calc(40% - ( ( 4% ) * 0.4 ) );\"><div class=\"fusion-column-wrapper fusion-flex-column-wrapper-legacy\"><div class=\"fusion-clearfix\"><\/div><\/div><\/div><\/div><div class=\"fusion-clearfix\"><\/div><\/div><\/div><\/div><\/div>\n<\/p>\n","protected":false},"excerpt":{"rendered":"","protected":false},"author":2,"featured_media":4246,"parent":0,"menu_order":0,"comment_status":"closed","ping_status":"closed","template":"","meta":{"footnotes":""},"class_list":["post-4056","page","type-page","status-publish","has-post-thumbnail","hentry"],"aioseo_notices":[],"_links":{"self":[{"href":"https:\/\/urbangames.sk\/en\/wp-json\/wp\/v2\/pages\/4056","targetHints":{"allow":["GET"]}}],"collection":[{"href":"https:\/\/urbangames.sk\/en\/wp-json\/wp\/v2\/pages"}],"about":[{"href":"https:\/\/urbangames.sk\/en\/wp-json\/wp\/v2\/types\/page"}],"author":[{"embeddable":true,"href":"https:\/\/urbangames.sk\/en\/wp-json\/wp\/v2\/users\/2"}],"replies":[{"embeddable":true,"href":"https:\/\/urbangames.sk\/en\/wp-json\/wp\/v2\/comments?post=4056"}],"version-history":[{"count":12,"href":"https:\/\/urbangames.sk\/en\/wp-json\/wp\/v2\/pages\/4056\/revisions"}],"predecessor-version":[{"id":4354,"href":"https:\/\/urbangames.sk\/en\/wp-json\/wp\/v2\/pages\/4056\/revisions\/4354"}],"wp:featuredmedia":[{"embeddable":true,"href":"https:\/\/urbangames.sk\/en\/wp-json\/wp\/v2\/media\/4246"}],"wp:attachment":[{"href":"https:\/\/urbangames.sk\/en\/wp-json\/wp\/v2\/media?parent=4056"}],"curies":[{"name":"wp","href":"https:\/\/api.w.org\/{rel}","templated":true}]}}